    {"id":19,"date":"2025-10-13T16:38:47","date_gmt":"2025-10-13T16:38:47","guid":{"rendered":"https:\/\/usthefinance.com\/?page_id=19"},"modified":"2025-10-13T16:38:47","modified_gmt":"2025-10-13T16:38:47","slug":"about","status":"publish","type":"page","link":"https:\/\/usthefinance.com\/de\/about\/","title":{"rendered":"\u00dcber uns"},"content":{"rendered":"<p><strong>Wir, die Finanzexperten<\/strong> ist Ihr zuverl\u00e4ssiger Leitfaden zur Navigation durch die Welt von <strong>Pers\u00f6nliche Finanzen, Kreditkarten und Kreditm\u00f6glichkeiten<\/strong> Mit Klarheit und Zuversicht. Wir liefern Expertenwissen, praktische Strategien und umfassende Ressourcen, um Einzelpersonen bei fundierten Finanzentscheidungen zu unterst\u00fctzen \u2013 egal ob es um die Verwaltung t\u00e4glicher Ausgaben, den Vergleich von Kreditoptionen oder die Planung langfristigen finanziellen Wachstums geht.<\/p>\n\n\n\n<p>In einem komplexen und sich schnell ver\u00e4ndernden Finanzumfeld kann man sich leicht verloren f\u00fchlen oder unsicher sein, welchen Weg man einschlagen soll. Genau da setzt es an. <strong>Wir, die Finanzexperten<\/strong> Wir vereinfachen komplizierte Finanzkonzepte \u2013 und behandeln Themen wie Budgetplanung, Schuldenmanagement, Kreditaufbau und verantwortungsvolle Kreditaufnahme \u2013, damit Sie sich auf die Verbesserung Ihres finanziellen Wohlergehens und das Erreichen Ihrer pers\u00f6nlichen Ziele konzentrieren k\u00f6nnen.<\/p>\n\n\n\n<p>Auch wenn wir Kreditprogramme, Kartenangebote oder Finanzinstrumente verschiedener Institute hervorheben, ist es wichtig zu beachten, dass <strong>Us The Finance ist kein Finanzinstitut und kein Kreditgeber.<\/strong>Wir vergeben keine Kredite, gew\u00e4hren keine Darlehen und vertreten keine Finanzinstitute Dritter. Unsere Mission ist rein aufkl\u00e4rerisch: Wir informieren, beraten und bef\u00e4higen \u2013 wir verkaufen niemals Produkte und treten nicht als Vermittler auf.<\/p>\n\n\n\n<h2 class=\"wp-block-heading\"><strong>Unsere Mission.<\/strong><\/h2>\n\n\n\n<p>Unsere Mission ist es, <strong>Einzelpersonen bef\u00e4higen<\/strong> um die Kontrolle \u00fcber ihre Finanzen zu erlangen durch <strong>klare, verl\u00e4ssliche und wissenschaftlich fundierte Informationen<\/strong>Egal, ob Sie Ihre erste Kreditkarte beantragen, einen Kredit umschulden oder einfach nur lernen m\u00f6chten, wie Sie effektiver budgetieren, <strong>Wir, die Finanzexperten<\/strong> gibt Ihnen die Werkzeuge und das Selbstvertrauen, um kluge finanzielle Entscheidungen zu treffen.<\/p>\n\n\n\n<p>Wir glauben an ehrliche Kommunikation \u2013 keine \u00fcbertriebenen Versprechungen oder irref\u00fchrenden Abk\u00fcrzungen. Jeder unserer Artikel basiert auf Genauigkeit, Transparenz und dem Ziel, Lesern nachhaltige Finanzkompetenz zu vermitteln. Vom Verst\u00e4ndnis von Zinss\u00e4tzen bis hin zur Suche nach vertrauensw\u00fcrdigen Institutionen: Wir m\u00f6chten Sie auf Ihrem finanziellen Weg begleiten und Ihnen Sicherheit geben.<\/p>\n\n\n\n<h2 class=\"wp-block-heading\"><strong>Was Sie hier finden.<\/strong><\/h2>\n\n\n\n<h3 class=\"wp-block-heading\"><strong>Finanzbildung und -planung.<\/strong><\/h3>\n\n\n\n<p>Lernen Sie praktische Strategien zum Sparen, Budgetieren und Investieren kennen. Wir helfen Lesern, wichtige Finanzprinzipien zu verstehen und fundierte Entscheidungen zu treffen, die ihren Zielen und ihrem Lebensstil entsprechen.<\/p>\n\n\n\n<h3 class=\"wp-block-heading\"><strong>Einblicke in Kreditkarten und Kredite.<\/strong><\/h3>\n\n\n\n<p>Vergleichen Sie verschiedene Angebote, Vorteile und bew\u00e4hrte Methoden f\u00fcr den verantwortungsvollen Umgang mit Krediten. Wir geben Ihnen Tipps zur Auswahl der richtigen Kreditkarte, zur Verbesserung Ihrer Bonit\u00e4t und zum effektiven Umgang mit Krediten.<\/p>\n\n\n\n<h3 class=\"wp-block-heading\"><strong>Clevere Ausleihtipps.<\/strong><\/h3>\n\n\n\n<p>Lassen Sie sich von Experten beraten, wie Sie Kreditangebote bewerten, Zinsfallen vermeiden und Finanzierung als Instrument f\u00fcr Wachstum statt f\u00fcr Stress nutzen k\u00f6nnen.<\/p>\n\n\n\n<h3 class=\"wp-block-heading\"><strong>Geldmanagement-Tools.<\/strong><\/h3>\n\n\n\n<p>Entdecken Sie vertrauensw\u00fcrdige Apps, Rechner und digitale Tools, die Ihnen die allt\u00e4gliche Finanzverwaltung erleichtern und Ihnen helfen, organisiert zu bleiben und die Kontrolle \u00fcber Ihr Budget zu behalten.<\/p>\n\n\n\n<h3 class=\"wp-block-heading\"><strong>Finanznachrichten &amp; Markttrends.<\/strong><\/h3>\n\n\n\n<p>Bleiben Sie mit unseren Updates zu neuen Produkten, Branchentrends und wirtschaftlichen Erkenntnissen, die Ihre finanziellen Entscheidungen beeinflussen, auf dem Laufenden.<\/p>\n\n\n\n<h2 class=\"wp-block-heading\"><strong>Unser Ansatz.<\/strong><\/h2>\n\n\n\n<p>Bei <strong>Wir, die Finanzexperten<\/strong>, wir betreiben <strong>unabh\u00e4ngig und transparent<\/strong>Alle unsere Inhalte werden von Finanzexperten erstellt, die sich f\u00fcr Forschung, Genauigkeit und Verst\u00e4ndlichkeit begeistern. <strong>Ich nehme keine Zahlungen oder Sponsorengelder an.<\/strong> von Finanzinstituten zur F\u00f6rderung bestimmter Produkte oder Dienstleistungen.<\/p>\n\n\n\n<p>Unser Ziel ist einfach: Finanzbildung zu erm\u00f6glichen <strong>zug\u00e4nglich, ehrlich und umsetzbar<\/strong> F\u00fcr alle. Egal, ob Sie gerade erst Ihre finanzielle Reise beginnen oder nach intelligenteren Strategien suchen, um Ihr Verm\u00f6gen zu vermehren, <strong>Wir, die Finanzexperten<\/strong> ist hier, um Sie zu begleiten \u2013 mit Integrit\u00e4t, Respekt und praktischen L\u00f6sungen, die wirklich etwas bewirken.<\/p>","protected":false},"excerpt":{"rendered":"<p>Us The Finance is your trusted guide to navigating the world of personal finance, credit cards, and loan opportunities with clarity and confidence. We deliver expert insights, practical strategies, and in-depth resources to help individuals make informed financial decisions\u2014whether they\u2019re managing daily expenses, comparing credit options, or planning for long-term financial growth. In a complex [&hellip;]<\/p>","protected":false},"author":6,"featured_media":0,"parent":0,"menu_order":0,"comment_status":"closed","ping_status":"closed","template":"","meta":{"footnotes":""},"yoast_head":"<!-- This site is optimized with the Yoast SEO plugin v23.3 - https:\/\/yoast.com\/wordpress\/plugins\/seo\/ -->\n<title>About Us - Us The Finance<\/title>\n<meta name=\"robots\" content=\"index, follow, max-snippet:-1, max-image-preview:large, max-video-preview:-1\" \/>\n<link rel=\"canonical\" href=\"https:\/\/usthefinance.com\/de\/about\/\" \/>\n<meta property=\"og:locale\" content=\"de_DE\" \/>\n<meta property=\"og:type\" content=\"article\" \/>\n<meta property=\"og:title\" content=\"About Us - Us The Finance\" \/>\n<meta property=\"og:description\" content=\"Us The Finance is your trusted guide to navigating the world of personal finance, credit cards, and loan opportunities with clarity and confidence. We deliver expert insights, practical strategies, and in-depth resources to help individuals make informed financial decisions\u2014whether they\u2019re managing daily expenses, comparing credit options, or planning for long-term financial growth. In a complex [&hellip;]\" \/>\n<meta property=\"og:url\" content=\"https:\/\/usthefinance.com\/de\/about\/\" \/>\n<meta property=\"og:site_name\" content=\"Us The Finance\" \/>\n<meta name=\"twitter:card\" content=\"summary_large_image\" \/>\n<meta name=\"twitter:label1\" content=\"Est. reading time\" \/>\n\t<meta name=\"twitter:data1\" content=\"3 Minuten\" \/>\n<script type=\"application\/ld+json\" class=\"yoast-schema-graph\">{\"@context\":\"https:\/\/schema.org\",\"@graph\":[{\"@type\":\"WebPage\",\"@id\":\"https:\/\/usthefinance.com\/about\/\",\"url\":\"https:\/\/usthefinance.com\/about\/\",\"name\":\"About Us - Us The Finance\",\"isPartOf\":{\"@id\":\"https:\/\/usthefinance.com\/#website\"},\"datePublished\":\"2025-10-13T16:38:47+00:00\",\"dateModified\":\"2025-10-13T16:38:47+00:00\",\"breadcrumb\":{\"@id\":\"https:\/\/usthefinance.com\/about\/#breadcrumb\"},\"inLanguage\":\"de-CH\",\"potentialAction\":[{\"@type\":\"ReadAction\",\"target\":[\"https:\/\/usthefinance.com\/about\/\"]}]},{\"@type\":\"BreadcrumbList\",\"@id\":\"https:\/\/usthefinance.com\/about\/#breadcrumb\",\"itemListElement\":[{\"@type\":\"ListItem\",\"position\":1,\"name\":\"Home\",\"item\":\"https:\/\/usthefinance.com\/\"},{\"@type\":\"ListItem\",\"position\":2,\"name\":\"About Us\"}]},{\"@type\":\"WebSite\",\"@id\":\"https:\/\/usthefinance.com\/#website\",\"url\":\"https:\/\/usthefinance.com\/\",\"name\":\"Us The Finance\",\"description\":\"\",\"publisher\":{\"@id\":\"https:\/\/usthefinance.com\/#organization\"},\"potentialAction\":[{\"@type\":\"SearchAction\",\"target\":{\"@type\":\"EntryPoint\",\"urlTemplate\":\"https:\/\/usthefinance.com\/?s={search_term_string}\"},\"query-input\":\"required name=search_term_string\"}],\"inLanguage\":\"de-CH\"},{\"@type\":\"Organization\",\"@id\":\"https:\/\/usthefinance.com\/#organization\",\"name\":\"Us The Finance\",\"url\":\"https:\/\/usthefinance.com\/\",\"logo\":{\"@type\":\"ImageObject\",\"inLanguage\":\"de-CH\",\"@id\":\"https:\/\/usthefinance.com\/#\/schema\/logo\/image\/\",\"url\":\"https:\/\/usthefinance.com\/wp-content\/uploads\/sites\/580\/2025\/10\/cropped-usthefinance.png\",\"contentUrl\":\"https:\/\/usthefinance.com\/wp-content\/uploads\/sites\/580\/2025\/10\/cropped-usthefinance.png\",\"width\":1024,\"height\":1024,\"caption\":\"Us The Finance\"},\"image\":{\"@id\":\"https:\/\/usthefinance.com\/#\/schema\/logo\/image\/\"}}]}<\/script>\n<!-- \/ Yoast SEO plugin. -->","yoast_head_json":{"title":"About Us - Us The Finance","robots":{"index":"index","follow":"follow","max-snippet":"max-snippet:-1","max-image-preview":"max-image-preview:large","max-video-preview":"max-video-preview:-1"},"canonical":"https:\/\/usthefinance.com\/de\/about\/","og_locale":"de_DE","og_type":"article","og_title":"About Us - Us The Finance","og_description":"Us The Finance is your trusted guide to navigating the world of personal finance, credit cards, and loan opportunities with clarity and confidence. We deliver expert insights, practical strategies, and in-depth resources to help individuals make informed financial decisions\u2014whether they\u2019re managing daily expenses, comparing credit options, or planning for long-term financial growth. In a complex [&hellip;]","og_url":"https:\/\/usthefinance.com\/de\/about\/","og_site_name":"Us The Finance","twitter_card":"summary_large_image","twitter_misc":{"Est. reading time":"3 Minuten"},"schema":{"@context":"https:\/\/schema.org","@graph":[{"@type":"WebPage","@id":"https:\/\/usthefinance.com\/about\/","url":"https:\/\/usthefinance.com\/about\/","name":"About Us - Us The Finance","isPartOf":{"@id":"https:\/\/usthefinance.com\/#website"},"datePublished":"2025-10-13T16:38:47+00:00","dateModified":"2025-10-13T16:38:47+00:00","breadcrumb":{"@id":"https:\/\/usthefinance.com\/about\/#breadcrumb"},"inLanguage":"de-CH","potentialAction":[{"@type":"ReadAction","target":["https:\/\/usthefinance.com\/about\/"]}]},{"@type":"BreadcrumbList","@id":"https:\/\/usthefinance.com\/about\/#breadcrumb","itemListElement":[{"@type":"ListItem","position":1,"name":"Home","item":"https:\/\/usthefinance.com\/"},{"@type":"ListItem","position":2,"name":"About Us"}]},{"@type":"WebSite","@id":"https:\/\/usthefinance.com\/#website","url":"https:\/\/usthefinance.com\/","name":"Us The Finance","description":"","publisher":{"@id":"https:\/\/usthefinance.com\/#organization"},"potentialAction":[{"@type":"SearchAction","target":{"@type":"EntryPoint","urlTemplate":"https:\/\/usthefinance.com\/?s={search_term_string}"},"query-input":"required name=search_term_string"}],"inLanguage":"de-CH"},{"@type":"Organization","@id":"https:\/\/usthefinance.com\/#organization","name":"Us The Finance","url":"https:\/\/usthefinance.com\/","logo":{"@type":"ImageObject","inLanguage":"de-CH","@id":"https:\/\/usthefinance.com\/#\/schema\/logo\/image\/","url":"https:\/\/usthefinance.com\/wp-content\/uploads\/sites\/580\/2025\/10\/cropped-usthefinance.png","contentUrl":"https:\/\/usthefinance.com\/wp-content\/uploads\/sites\/580\/2025\/10\/cropped-usthefinance.png","width":1024,"height":1024,"caption":"Us The Finance"},"image":{"@id":"https:\/\/usthefinance.com\/#\/schema\/logo\/image\/"}}]}},"_links":{"self":[{"href":"https:\/\/usthefinance.com\/de\/wp-json\/wp\/v2\/pages\/19"}],"collection":[{"href":"https:\/\/usthefinance.com\/de\/wp-json\/wp\/v2\/pages"}],"about":[{"href":"https:\/\/usthefinance.com\/de\/wp-json\/wp\/v2\/types\/page"}],"author":[{"embeddable":true,"href":"https:\/\/usthefinance.com\/de\/wp-json\/wp\/v2\/users\/6"}],"replies":[{"embeddable":true,"href":"https:\/\/usthefinance.com\/de\/wp-json\/wp\/v2\/comments?post=19"}],"version-history":[{"count":1,"href":"https:\/\/usthefinance.com\/de\/wp-json\/wp\/v2\/pages\/19\/revisions"}],"predecessor-version":[{"id":20,"href":"https:\/\/usthefinance.com\/de\/wp-json\/wp\/v2\/pages\/19\/revisions\/20"}],"wp:attachment":[{"href":"https:\/\/usthefinance.com\/de\/wp-json\/wp\/v2\/media?parent=19"}],"curies":[{"name":"wp","href":"https:\/\/api.w.org\/{rel}","templated":true}]}}